{"id":235,"date":"2020-04-06T09:56:07","date_gmt":"2020-04-06T07:56:07","guid":{"rendered":"https:\/\/www.arace.fr\/?page_id=235"},"modified":"2025-12-12T22:11:08","modified_gmt":"2025-12-12T21:11:08","slug":"association-membres-du-bureau","status":"publish","type":"page","link":"https:\/\/www.arace.fr\/index.php\/association-membres-du-bureau\/","title":{"rendered":"Association &#8211; Membres du bureau"},"content":{"rendered":"\n<figure class=\"wp-block-table is-style-stripes\"><table><tbody><tr><td class=\"has-text-align-center\" data-align=\"center\"><\/td><td class=\"has-text-align-center\" data-align=\"center\"><img loading=\"lazy\" decoding=\"async\" width=\"107\" height=\"150\" class=\"wp-image-218\" style=\"width: 107px;\" src=\"https:\/\/www.arace.fr\/wp-content\/uploads\/2020\/04\/F4DHL-e1586158861299.jpg\" alt=\"\"><\/td><td class=\"has-text-align-center\" data-align=\"center\"><\/td><td class=\"has-text-align-center\" data-align=\"center\"><\/td><td class=\"has-text-align-center\" data-align=\"center\"><\/td><\/tr><tr><td class=\"has-text-align-center\" data-align=\"center\"><\/td><td class=\"has-text-align-center\" data-align=\"center\">F4DHL<br>Pr\u00e9sident<\/td><td class=\"has-text-align-center\" data-align=\"center\"><\/td><td class=\"has-text-align-center\" data-align=\"center\"><\/td><td class=\"has-text-align-center\" data-align=\"center\"><\/td><\/tr><tr><td class=\"has-text-align-center\" data-align=\"center\"><img loading=\"lazy\" decoding=\"async\" width=\"130\" height=\"150\" class=\"wp-image-217\" style=\"width: 130px;\" src=\"https:\/\/www.arace.fr\/wp-content\/uploads\/2020\/04\/F5BNJ-e1586158854232.jpg\" alt=\"\"><\/td><td class=\"has-text-align-center\" data-align=\"center\"><img loading=\"lazy\" decoding=\"async\" width=\"124\" height=\"150\" class=\"wp-image-215\" style=\"width: 124px;\" src=\"https:\/\/www.arace.fr\/wp-content\/uploads\/2020\/04\/F5CYM-e1586158867256.jpg\" alt=\"\"><\/td><td class=\"has-text-align-center\" data-align=\"center\"><img loading=\"lazy\" decoding=\"async\" width=\"100\" height=\"150\" class=\"wp-image-216\" style=\"width: 100px;\" src=\"https:\/\/www.arace.fr\/wp-content\/uploads\/2020\/04\/F5NIK-e1586158845165.jpg\" alt=\"\"><\/td><td class=\"has-text-align-center\" data-align=\"center\"><\/td><td class=\"has-text-align-center\" data-align=\"center\"><\/td><\/tr><tr><td class=\"has-text-align-center\" data-align=\"center\">F5BNJ<br><sub>1<\/sub><sup>er<\/sup> Vice-pr\u00e9sident<\/td><td class=\"has-text-align-center\" data-align=\"center\">F5CYM<br><sub>2<\/sub><sup>\u00e9me<\/sup> Vice-pr\u00e9sident<\/td><td class=\"has-text-align-center\" data-align=\"center\">F5NIK<br>Tr\u00e9sorier<br><\/td><td class=\"has-text-align-center\" data-align=\"center\"><br><br><\/td><td class=\"has-text-align-center\" data-align=\"center\"><br><br><\/td><\/tr><tr><td class=\"has-text-align-center\" data-align=\"center\"><img decoding=\"async\" src=\"https:\/\/www.arace.fr\/wp-content\/uploads\/2020\/04\/F4GER-e1586158811471.jpg\" alt=\"\"><\/td><td class=\"has-text-align-center\" data-align=\"center\"><img loading=\"lazy\" decoding=\"async\" width=\"109\" height=\"152\" class=\"wp-image-5956\" style=\"width: 109px;\" src=\"https:\/\/www.arace.fr\/wp-content\/uploads\/2023\/10\/F1HDE.jpg\" alt=\"\"><\/td><td class=\"has-text-align-center\" data-align=\"center\"><img decoding=\"async\" src=\"https:\/\/www.arace.fr\/wp-content\/uploads\/2020\/04\/F5BNL-e1586158804406.jpg\" alt=\"\"><\/td><td class=\"has-text-align-center\" data-align=\"center\"><\/td><td class=\"has-text-align-center\" data-align=\"center\"><\/td><\/tr><tr><td class=\"has-text-align-center\" data-align=\"center\">F4GER<br>Tr\u00e9sorier adjoint<\/td><td class=\"has-text-align-center\" data-align=\"center\">F1HDE<br>Secr\u00e9taire<\/td><td class=\"has-text-align-center\" data-align=\"center\">F5BNL<br>Secr\u00e9taire adjoint<\/td><td class=\"has-text-align-center\" data-align=\"center\"><\/td><td class=\"has-text-align-center\" data-align=\"center\"><\/td><\/tr><tr><td class=\"has-text-align-center\" data-align=\"center\"><\/td><td class=\"has-text-align-center\" data-align=\"center\"><img decoding=\"async\" src=\"https:\/\/www.arace.fr\/wp-content\/uploads\/2020\/04\/F4FKR-e1586158835386.jpg\" alt=\"\"><\/td><td class=\"has-text-align-center\" data-align=\"center\"><\/td><td class=\"has-text-align-center\" data-align=\"center\"><\/td><td class=\"has-text-align-center\" data-align=\"center\"><\/td><\/tr><tr><td class=\"has-text-align-center\" data-align=\"center\"><\/td><td class=\"has-text-align-center\" data-align=\"center\">F4FKR<br>Conseiller technique<\/td><td class=\"has-text-align-center\" data-align=\"center\"><\/td><td class=\"has-text-align-center\" data-align=\"center\"><\/td><td class=\"has-text-align-center\" data-align=\"center\"><\/td><\/tr><\/tbody><\/table><\/figure>\n","protected":false},"excerpt":{"rendered":"<p>F4DHLPr\u00e9sident F5BNJ1er Vice-pr\u00e9sident F5CYM2\u00e9me Vice-pr\u00e9sident F5NIKTr\u00e9sorier F4GERTr\u00e9sorier adjoint F1HDESecr\u00e9taire F5BNLSecr\u00e9taire adjoint F4FKRConseiller technique<\/p>\n","protected":false},"author":1,"featured_media":0,"parent":0,"menu_order":0,"comment_status":"closed","ping_status":"closed","template":"","meta":{"ngg_post_thumbnail":0,"footnotes":""},"class_list":["post-235","page","type-page","status-publish","hentry","no-comments"],"_links":{"self":[{"href":"https:\/\/www.arace.fr\/index.php\/wp-json\/wp\/v2\/pages\/235","targetHints":{"allow":["GET"]}}],"collection":[{"href":"https:\/\/www.arace.fr\/index.php\/wp-json\/wp\/v2\/pages"}],"about":[{"href":"https:\/\/www.arace.fr\/index.php\/wp-json\/wp\/v2\/types\/page"}],"author":[{"embeddable":true,"href":"https:\/\/www.arace.fr\/index.php\/wp-json\/wp\/v2\/users\/1"}],"replies":[{"embeddable":true,"href":"https:\/\/www.arace.fr\/index.php\/wp-json\/wp\/v2\/comments?post=235"}],"version-history":[{"count":9,"href":"https:\/\/www.arace.fr\/index.php\/wp-json\/wp\/v2\/pages\/235\/revisions"}],"predecessor-version":[{"id":6511,"href":"https:\/\/www.arace.fr\/index.php\/wp-json\/wp\/v2\/pages\/235\/revisions\/6511"}],"wp:attachment":[{"href":"https:\/\/www.arace.fr\/index.php\/wp-json\/wp\/v2\/media?parent=235"}],"curies":[{"name":"wp","href":"https:\/\/api.w.org\/{rel}","templated":true}]}}