{"id":2790,"date":"2020-04-07T16:11:32","date_gmt":"2020-04-07T14:11:32","guid":{"rendered":"https:\/\/www.arace.fr\/?page_id=2790"},"modified":"2020-12-30T00:47:54","modified_gmt":"2020-12-29T23:47:54","slug":"dl-35-delegation-locale-missions","status":"publish","type":"page","link":"https:\/\/www.arace.fr\/index.php\/dl-35-delegation-locale-missions\/","title":{"rendered":"DL-35 &#8211; D\u00e9l\u00e9gation locale: Missions"},"content":{"rendered":"\n<p><strong>ARACE<\/strong> (F4KIR)&nbsp;: Association Locale pour le D\u00e9partement 35<\/p>\n\n\n\n<p><strong>Philippe Capitaine<\/strong> (F4DHL)&nbsp;: D\u00e9l\u00e9gu\u00e9 Local pour le D\u00e9partement35<\/p>\n\n\n\n<p><strong>Jacky Dordoigne<\/strong> (F5BNJ)&nbsp;: QSL Manager pour le D\u00e9partement 35<\/p>\n\n\n\n<p>CADRE G\u00c9N\u00c9RAL ET MISSIONS<\/p>\n\n\n\n<p>En automne 2016, le Conseil d\u2019Administration du REF a valid\u00e9 la candidature de l\u2019Association des Radios Amateurs de la C\u00f4te d\u2019\u00c9meraude (ARACE) comme Association Locale (AL) conform\u00e9ment \u00e0 l\u2019<strong>Article 12<\/strong> de ses Statuts et l\u2019<strong>Article 4.<\/strong><strong>2<\/strong> de son r\u00e8glement int\u00e9rieur.<\/p>\n\n\n\n<p>Cet accord de coop\u00e9ration a donn\u00e9 lieu \u00e0 une convention sign\u00e9e par le REF (F1TE, pr\u00e9sident) et l\u2019ARACE (F5CYM, pr\u00e9sident). L\u2019Article 3 de cette convention d\u00e9crit les missions de la d\u00e9l\u00e9gation locale comme suit\u00a0:<\/p>\n\n\n\n<p><em>\u00ab&nbsp;<\/em><em>L\u2019ARACE repr\u00e9sentera le REF dans les limites g\u00e9ographiques du d\u00e9partement. Son r\u00f4le concerne en particulier les points suivants&nbsp;;<\/em><\/p>\n\n\n\n<ul class=\"wp-block-list\"><li><em>organisation des manifestations sp\u00e9cifiques du radio amateurisme&nbsp;;<\/em><\/li><li><em>relations entre ses membres ou les radios amateurs et le d\u00e9l\u00e9gu\u00e9 local repr\u00e9sentant le REF&nbsp;;<\/em><\/li><li><em>formation de nouveaux radios amateurs&nbsp;;<\/em><\/li><li><em>participation et propositions dans le domaine des technologies utiles aux radios amateurs&nbsp;;<\/em><\/li><li><em>point relais pour l\u2019acheminement des cartes QSL, en relation avec le QSL manager local.<\/em><em>&nbsp;\u00bb<\/em><\/li><\/ul>\n\n\n\n<p>LE D\u00c9L\u00c9GU\u00c9 LOCAL<\/p>\n\n\n\n<p>Les d\u00e9l\u00e9gu\u00e9s locaux, conform\u00e9ment \u00e0 l\u2019Article 4.1 du r\u00e8glement int\u00e9rieur du REF, sont des antennes avanc\u00e9es du REF sur le plan local.<\/p>\n\n\n\n<p>\u00ab&nbsp;Les membres remplissant ces fonctions sont d\u00e9sign\u00e9s par le conseil d\u2019administration. Ils doivent pr\u00e9senter au conseil d\u2019administration un dossier personnel de candidature. Le mandat du d\u00e9l\u00e9gu\u00e9 local est directement d\u00e9cid\u00e9 par le conseil d\u2019administration qui nomme et r\u00e9voque le d\u00e9l\u00e9gu\u00e9 local.<\/p>\n\n\n\n<p>Leur r\u00f4le est d\u2019assurer :<\/p>\n\n\n\n<p>\u2022&nbsp;la communication et le lien entre le REF, ses membres et les associations locales ;<\/p>\n\n\n\n<p>\u2022&nbsp;la coordination des diff\u00e9rentes manifestions amateur au niveau local ;<\/p>\n","protected":false},"excerpt":{"rendered":"<p>ARACE (F4KIR)&nbsp;: Association Locale pour le D\u00e9partement 35 Philippe Capitaine (F4DHL)&nbsp;: D\u00e9l\u00e9gu\u00e9 Local pour le D\u00e9partement35 Jacky Dordoigne (F5BNJ)&nbsp;: QSL Manager pour le D\u00e9partement 35 CADRE G\u00c9N\u00c9RAL ET MISSIONS En automne 2016, le Conseil d\u2019Administration du REF a&#8230; <a class=\"read-more\" href=\"https:\/\/www.arace.fr\/index.php\/dl-35-delegation-locale-missions\/\">Read More<\/a><\/p>\n","protected":false},"author":1,"featured_media":0,"parent":0,"menu_order":0,"comment_status":"closed","ping_status":"closed","template":"","meta":{"ngg_post_thumbnail":0,"footnotes":""},"class_list":["post-2790","page","type-page","status-publish","hentry","no-comments"],"_links":{"self":[{"href":"https:\/\/www.arace.fr\/index.php\/wp-json\/wp\/v2\/pages\/2790","targetHints":{"allow":["GET"]}}],"collection":[{"href":"https:\/\/www.arace.fr\/index.php\/wp-json\/wp\/v2\/pages"}],"about":[{"href":"https:\/\/www.arace.fr\/index.php\/wp-json\/wp\/v2\/types\/page"}],"author":[{"embeddable":true,"href":"https:\/\/www.arace.fr\/index.php\/wp-json\/wp\/v2\/users\/1"}],"replies":[{"embeddable":true,"href":"https:\/\/www.arace.fr\/index.php\/wp-json\/wp\/v2\/comments?post=2790"}],"version-history":[{"count":5,"href":"https:\/\/www.arace.fr\/index.php\/wp-json\/wp\/v2\/pages\/2790\/revisions"}],"predecessor-version":[{"id":4772,"href":"https:\/\/www.arace.fr\/index.php\/wp-json\/wp\/v2\/pages\/2790\/revisions\/4772"}],"wp:attachment":[{"href":"https:\/\/www.arace.fr\/index.php\/wp-json\/wp\/v2\/media?parent=2790"}],"curies":[{"name":"wp","href":"https:\/\/api.w.org\/{rel}","templated":true}]}}