{"id":5152,"date":"2022-09-01T05:56:21","date_gmt":"2022-09-01T03:56:21","guid":{"rendered":"https:\/\/www.arace.fr\/?page_id=5152"},"modified":"2022-11-12T03:56:21","modified_gmt":"2022-11-12T02:56:21","slug":"route-du-rhum-2022","status":"publish","type":"page","link":"https:\/\/www.arace.fr\/index.php\/route-du-rhum-2022\/","title":{"rendered":"<B><H3><p style=\"color:#303b7b\";>ROUTE DU RHUM 2022<\/p><\/B><\/H3>"},"content":{"rendered":"\n<h2 class=\"has-text-align-center has-vivid-cyan-blue-color has-text-color wp-block-heading\"><strong><em>TM8R<\/em><\/strong><\/h2>\n\n\n\n<p class=\"has-text-align-center\" style=\"font-size:18px\"><strong>Activit\u00e9 radioamateur pour le d\u00e9part de la Route du Rhum depuis Saint-Malo<\/strong><\/p>\n\n\n\n<h4 class=\"has-text-align-center wp-block-heading\"><strong>Du 27 octobre &#8211; 6 novembre 2022<\/strong><\/h4>\n\n\n\n<div class=\"wp-block-group is-nowrap is-layout-flex wp-container-core-group-is-layout-ad2f72ca wp-block-group-is-layout-flex\">\n<figure class=\"wp-block-image size-large is-resized\"><img loading=\"lazy\" decoding=\"async\" src=\"https:\/\/www.arace.fr\/wp-content\/uploads\/2022\/07\/TM8R-2-1024x816.jpg\" alt=\"\" class=\"wp-image-5228\" width=\"806\" height=\"642\" srcset=\"https:\/\/www.arace.fr\/wp-content\/uploads\/2022\/07\/TM8R-2-1024x816.jpg 1024w, https:\/\/www.arace.fr\/wp-content\/uploads\/2022\/07\/TM8R-2-300x239.jpg 300w, https:\/\/www.arace.fr\/wp-content\/uploads\/2022\/07\/TM8R-2-768x612.jpg 768w, https:\/\/www.arace.fr\/wp-content\/uploads\/2022\/07\/TM8R-2-640x510.jpg 640w, https:\/\/www.arace.fr\/wp-content\/uploads\/2022\/07\/TM8R-2.jpg 1280w\" sizes=\"auto, (max-width: 806px) 100vw, 806px\" \/><\/figure>\n\n\n\n<div class=\"wp-block-group is-vertical is-content-justification-center is-layout-flex wp-container-core-group-is-layout-52c8502b wp-block-group-is-layout-flex\">\n<figure class=\"wp-block-image size-full is-resized\"><a href=\"http:\/\/www.ville-saint-malo.fr\/\" target=\"_blank\" rel=\"noreferrer noopener\"><img loading=\"lazy\" decoding=\"async\" src=\"https:\/\/www.arace.fr\/wp-content\/uploads\/2020\/04\/logo-saint-malo-1.jpg\" alt=\"\" class=\"wp-image-299\" width=\"224\" height=\"85\" srcset=\"https:\/\/www.arace.fr\/wp-content\/uploads\/2020\/04\/logo-saint-malo-1.jpg 336w, https:\/\/www.arace.fr\/wp-content\/uploads\/2020\/04\/logo-saint-malo-1-300x113.jpg 300w\" sizes=\"auto, (max-width: 224px) 100vw, 224px\" \/><\/a><\/figure>\n\n\n\n<figure class=\"wp-block-image size-large is-resized\"><a href=\"https:\/\/www.saintmeloirdesondes.fr\/\" target=\"_blank\" rel=\"noreferrer noopener\"><img loading=\"lazy\" decoding=\"async\" src=\"https:\/\/www.arace.fr\/wp-content\/uploads\/2022\/09\/LOGO_ST_MELOIR_DES_ONDES-1024x488.jpg\" alt=\"\" class=\"wp-image-5304\" width=\"185\" height=\"88\" srcset=\"https:\/\/www.arace.fr\/wp-content\/uploads\/2022\/09\/LOGO_ST_MELOIR_DES_ONDES-1024x488.jpg 1024w, https:\/\/www.arace.fr\/wp-content\/uploads\/2022\/09\/LOGO_ST_MELOIR_DES_ONDES-300x143.jpg 300w, https:\/\/www.arace.fr\/wp-content\/uploads\/2022\/09\/LOGO_ST_MELOIR_DES_ONDES-768x366.jpg 768w, https:\/\/www.arace.fr\/wp-content\/uploads\/2022\/09\/LOGO_ST_MELOIR_DES_ONDES-1536x732.jpg 1536w, https:\/\/www.arace.fr\/wp-content\/uploads\/2022\/09\/LOGO_ST_MELOIR_DES_ONDES-2048x975.jpg 2048w, https:\/\/www.arace.fr\/wp-content\/uploads\/2022\/09\/LOGO_ST_MELOIR_DES_ONDES-1800x857.jpg 1800w, https:\/\/www.arace.fr\/wp-content\/uploads\/2022\/09\/LOGO_ST_MELOIR_DES_ONDES-640x305.jpg 640w, https:\/\/www.arace.fr\/wp-content\/uploads\/2022\/09\/LOGO_ST_MELOIR_DES_ONDES-1320x629.jpg 1320w\" sizes=\"auto, (max-width: 185px) 100vw, 185px\" \/><\/a><\/figure>\n\n\n\n<figure class=\"wp-block-image size-full\"><a href=\"https:\/\/www.ille-et-vilaine.fr\/\" target=\"_blank\" rel=\"noreferrer noopener\"><img loading=\"lazy\" decoding=\"async\" width=\"104\" height=\"67\" src=\"https:\/\/www.arace.fr\/wp-content\/uploads\/2020\/04\/departement.jpg\" alt=\"\" class=\"wp-image-289\"\/><\/a><\/figure>\n\n\n\n<figure class=\"wp-block-image size-full\"><a href=\"https:\/\/www.bretagne.bzh\/\" target=\"_blank\" rel=\"noreferrer noopener\"><img loading=\"lazy\" decoding=\"async\" width=\"72\" height=\"72\" src=\"https:\/\/www.arace.fr\/wp-content\/uploads\/2020\/04\/region_bretagne_p.jpg\" alt=\"\" class=\"wp-image-287\"\/><\/a><\/figure>\n\n\n\n<figure class=\"wp-block-image size-full is-resized\"><a href=\"https:\/\/www.r-e-f.org\/\" target=\"_blank\" rel=\"noreferrer noopener\"><img loading=\"lazy\" decoding=\"async\" src=\"https:\/\/www.arace.fr\/wp-content\/uploads\/2022\/07\/Logo-REF.jpg\" alt=\"\" class=\"wp-image-5223\" width=\"109\" height=\"152\"\/><\/a><\/figure>\n\n\n\n<figure class=\"wp-block-image size-full\"><a href=\"https:\/\/www.facebook.com\/people\/Caf%C3%A9-La-Ptite\/100057572434929\/\" target=\"_blank\" rel=\"noreferrer noopener\"><img loading=\"lazy\" decoding=\"async\" width=\"78\" height=\"124\" src=\"https:\/\/www.arace.fr\/wp-content\/uploads\/2020\/04\/logo_lapetite-e1586424430561.jpg\" alt=\"\" class=\"wp-image-307\"\/><\/a><\/figure>\n\n\n\n<figure class=\"wp-block-image size-full is-resized\"><a href=\"https:\/\/www.rcn-eg.org\/\" target=\"_blank\" rel=\"noreferrer noopener\"><img loading=\"lazy\" decoding=\"async\" src=\"https:\/\/www.arace.fr\/wp-content\/uploads\/2022\/09\/rcneg.gif\" alt=\"\" class=\"wp-image-5311\" width=\"81\" height=\"95\"\/><\/a><\/figure>\n\n\n\n<figure class=\"wp-block-image size-full is-resized\"><a href=\"http:\/\/www.appp-pleurtuit.fr\/\" target=\"_blank\" rel=\"noreferrer noopener\"><img loading=\"lazy\" decoding=\"async\" src=\"https:\/\/www.arace.fr\/wp-content\/uploads\/2020\/04\/appp-e1586433498446.jpg\" alt=\"\" class=\"wp-image-117\" width=\"101\" height=\"102\"\/><\/a><\/figure>\n<\/div>\n\n\n\n<div style=\"height:100px\" aria-hidden=\"true\" class=\"wp-block-spacer\"><\/div>\n<\/div>\n\n\n<div class=\"wp-block-image\">\n<figure class=\"aligncenter size-full\"><a href=\"https:\/\/www.xbstelecom.eu\" target=\"_blank\" rel=\"noreferrer noopener\"><img loading=\"lazy\" decoding=\"async\" width=\"567\" height=\"153\" src=\"https:\/\/www.arace.fr\/wp-content\/uploads\/2020\/04\/xbstelecom.png\" alt=\"\" class=\"wp-image-74\"\/><\/a><\/figure>\n<\/div>\n\n\n<p style=\"font-size:14px\">Avec les soutiens de la mairie de Saint-Malo, de Saint-M\u00e9loir des Ondes, du d\u00e9partement d&rsquo;Ille &amp; Vilaine&nbsp;et de la r\u00e9gion Bretagne.<\/p>\n\n\n\n<div class=\"wp-block-columns is-layout-flex wp-container-core-columns-is-layout-9d6595d7 wp-block-columns-is-layout-flex\">\n<div class=\"wp-block-column is-layout-flow wp-block-column-is-layout-flow\"><div class=\"wp-block-image\">\n<figure class=\"alignright size-full\"><img loading=\"lazy\" decoding=\"async\" width=\"104\" height=\"67\" src=\"https:\/\/www.arace.fr\/wp-content\/uploads\/2020\/04\/departement.jpg\" alt=\"\" class=\"wp-image-289\"\/><\/figure>\n<\/div><\/div>\n\n\n\n<div class=\"wp-block-column is-layout-flow wp-block-column-is-layout-flow\"><div class=\"wp-block-image\">\n<figure class=\"aligncenter size-full\"><img loading=\"lazy\" decoding=\"async\" width=\"216\" height=\"67\" src=\"https:\/\/www.arace.fr\/wp-content\/uploads\/2020\/04\/logo-saint-malo.jpg\" alt=\"\" class=\"wp-image-288\"\/><\/figure>\n<\/div>\n\n<div class=\"wp-block-image\">\n<figure class=\"aligncenter size-large is-resized\"><a href=\"https:\/\/www.saintmeloirdesondes.fr\/\" target=\"_blank\" rel=\"noreferrer noopener\"><img loading=\"lazy\" decoding=\"async\" src=\"https:\/\/www.arace.fr\/wp-content\/uploads\/2022\/09\/LOGO_ST_MELOIR_DES_ONDES-1024x488.jpg\" alt=\"\" class=\"wp-image-5304\" width=\"160\" height=\"76\" srcset=\"https:\/\/www.arace.fr\/wp-content\/uploads\/2022\/09\/LOGO_ST_MELOIR_DES_ONDES-1024x488.jpg 1024w, https:\/\/www.arace.fr\/wp-content\/uploads\/2022\/09\/LOGO_ST_MELOIR_DES_ONDES-300x143.jpg 300w, https:\/\/www.arace.fr\/wp-content\/uploads\/2022\/09\/LOGO_ST_MELOIR_DES_ONDES-768x366.jpg 768w, https:\/\/www.arace.fr\/wp-content\/uploads\/2022\/09\/LOGO_ST_MELOIR_DES_ONDES-1536x732.jpg 1536w, https:\/\/www.arace.fr\/wp-content\/uploads\/2022\/09\/LOGO_ST_MELOIR_DES_ONDES-2048x975.jpg 2048w, https:\/\/www.arace.fr\/wp-content\/uploads\/2022\/09\/LOGO_ST_MELOIR_DES_ONDES-1800x857.jpg 1800w, https:\/\/www.arace.fr\/wp-content\/uploads\/2022\/09\/LOGO_ST_MELOIR_DES_ONDES-640x305.jpg 640w, https:\/\/www.arace.fr\/wp-content\/uploads\/2022\/09\/LOGO_ST_MELOIR_DES_ONDES-1320x629.jpg 1320w\" sizes=\"auto, (max-width: 160px) 100vw, 160px\" \/><\/a><\/figure>\n<\/div><\/div>\n\n\n\n<div class=\"wp-block-column is-layout-flow wp-block-column-is-layout-flow\"><div class=\"wp-block-image\">\n<figure class=\"alignleft size-full\"><img loading=\"lazy\" decoding=\"async\" width=\"72\" height=\"72\" src=\"https:\/\/www.arace.fr\/wp-content\/uploads\/2020\/04\/region_bretagne_p.jpg\" alt=\"\" class=\"wp-image-287\"\/><\/figure>\n<\/div><\/div>\n<\/div>\n\n\n\n\n\n\n<div style=\"height:100px\" aria-hidden=\"true\" class=\"wp-block-spacer\"><\/div>\n\n\n\n<h2 class=\"wp-block-heading\">Actualit\u00e9s<\/h2>\n\n\n\n<hr class=\"wp-block-separator has-alpha-channel-opacity\"\/>\n\n\n\n<pre class=\"wp-block-verse\">12\/11\/2022<\/pre>\n\n\n\n<p>Le log est \u00e0 jour sur Club Log \u00e0 la date 06-11-2022 21:42Z<br><a rel=\"noreferrer noopener\" href=\"http:\/\/clublog.org\/logsearch\/TM8R\" target=\"_blank\">http:\/\/clublog.org\/logsearch\/TM8R<\/a><br>QSL MANAGER F5BNJ<\/p>\n\n\n\n<iframe loading=\"lazy\" name=\"iframe\" src=\"https:\/\/clublog.org\/logsearch.php?log=TM8R&amp;iframe=1\" width=\"100%\" height=\"400\" scrolling=\"yes\" align=\"top\" frameborder=\"0\"><\/iframe>\n\n\n\n<pre class=\"wp-block-verse\">06\/11\/2022<\/pre>\n\n\n\n<p>L&rsquo;aventure&nbsp;TM8R&nbsp;touche \u00e0 sa fin.<br>Donc aujourd&rsquo;hui pr\u00e9sentation de ce qui est quand m\u00eame le fil rouge de notre activation, \u00e0 savoir les bateaux de la Route du Rhum.&nbsp;Quelques skippers sont \u00e9galement pr\u00e9sents sur les photos.<\/p>\n\n\n\nngg_shortcode_0_placeholder\n\n\n\n<pre class=\"wp-block-verse\">05\/11\/2022<\/pre>\n\n\n\n<p>Le log est \u00e0 jour sur Club Log \u00e0 la date 04\/11\/2022.<br><a rel=\"noreferrer noopener\" href=\"http:\/\/clublog.org\/logsearch\/TM8R\" target=\"_blank\">http:\/\/clublog.org\/logsearch\/TM8R<\/a><br>QSL MANAGER F5BNJ<\/p>\n\n\n\n<iframe loading=\"lazy\" name=\"iframe\" src=\"https:\/\/clublog.org\/logsearch.php?log=TM8R&amp;iframe=1\" width=\"100%\" height=\"400\" scrolling=\"yes\" align=\"top\" frameborder=\"0\"><\/iframe>\n\n\n\n<pre class=\"wp-block-verse\">04\/11\/2022<\/pre>\n\n\n\n<p>St\u00e9phane,&nbsp;F4IML&nbsp;en trafic satellite&nbsp;QO-100.&nbsp;Jen-Paul,&nbsp;F5EO&nbsp;au mus\u00e9e radio, petite photo de groupe, vue sur la sortie des multicoques depuis le haut du radio-Club et quelques photos prises sur les bateaux avec Jean-Louis \u00c9tienne,&nbsp;F4GER&nbsp;et&nbsp;F5CBU&nbsp;sur le bateau de Guirec Soud\u00e9e&nbsp;(sans la poule Monique).<\/p>\n\n\n\nngg_shortcode_1_placeholder\n\n\n\n<pre class=\"wp-block-verse\">03\/11\/2022<\/pre>\n\n\n\n<p>Bienvenue \u00e0 la route du rhum ou tout le monde est bien occup\u00e9, soit \u00e0 faire de la radio, soit \u00e0 donner des cours d&rsquo;initiation \u00e0 l&rsquo;\u00e9lectronique ou bien encore aux t\u00e2ches m\u00e9nag\u00e8res.<\/p>\n\n\n\nngg_shortcode_2_placeholder\n\n\n\n<pre class=\"wp-block-verse\">02\/11\/2022<\/pre>\n\n\n\n<p>Quelques op\u00e9rateurs suppl\u00e9mentaires en photos, notre cuisinier en chef, la visite de&nbsp;F8IN&nbsp;et un des jeunes en recherche de balises.<\/p>\n\n\n\nngg_shortcode_3_placeholder\n\n\n\n<pre class=\"wp-block-verse\">01\/11\/2022<\/pre>\n\n\n\n<h2 class=\"wp-block-heading\">Une partie des op\u00e9rateurs de TM8R<\/h2>\n\n\n\nngg_shortcode_4_placeholder\n\n\n\n<pre class=\"wp-block-verse\">31\/10\/2022<\/pre>\n\n\n\n<p>Aujourd&rsquo;hui, nous avons eu la visite de la \u00ab\u00a0maison des jeunes\u00a0\u00bb de Cancale.<br>Ils ont d\u00e9couvert nos installations radio, nos activit\u00e9s et ont particip\u00e9 \u00e0 un atelier \u00ab\u00a0d\u00e9couverte de l&rsquo;\u00e9lectronique\u00a0\u00bb.<\/p>\n\n\n\nngg_shortcode_5_placeholder\n\n\n\n<pre class=\"wp-block-verse\">31\/10\/2022<\/pre>\n\n\n\n<figure class=\"wp-block-image size-large\"><a href=\"https:\/\/www.arace.fr\/wp-content\/uploads\/2022\/10\/OF-31-10-2022-RDR.jpg\"><img loading=\"lazy\" decoding=\"async\" width=\"1024\" height=\"860\" src=\"https:\/\/www.arace.fr\/wp-content\/uploads\/2022\/10\/OF-31-10-2022-RDR-1024x860.jpg\" alt=\"\" class=\"wp-image-5537\" srcset=\"https:\/\/www.arace.fr\/wp-content\/uploads\/2022\/10\/OF-31-10-2022-RDR-1024x860.jpg 1024w, https:\/\/www.arace.fr\/wp-content\/uploads\/2022\/10\/OF-31-10-2022-RDR-300x252.jpg 300w, https:\/\/www.arace.fr\/wp-content\/uploads\/2022\/10\/OF-31-10-2022-RDR-768x645.jpg 768w, https:\/\/www.arace.fr\/wp-content\/uploads\/2022\/10\/OF-31-10-2022-RDR-640x538.jpg 640w, https:\/\/www.arace.fr\/wp-content\/uploads\/2022\/10\/OF-31-10-2022-RDR.jpg 1200w\" sizes=\"auto, (max-width: 1024px) 100vw, 1024px\" \/><\/a><figcaption><em>Ouest-France 31-10-2022<\/em><\/figcaption><\/figure>\n\n\n\n<pre class=\"wp-block-verse\">29\/10\/2022<\/pre>\n\n\n\n<p>Cette journ\u00e9e \u00e9tait importante, puisque nous recevions monsieur le maire de Saint-Malo, Gilles&nbsp;LURTON&nbsp;ainsi que les officiels et partenaires qui nous permettent de mettre en place cette activit\u00e9 et qui nous soutiennent toute l&rsquo;ann\u00e9e.<\/p>\n\n\n\n<p>Quelques photos aussi d&rsquo;une petite intervention sur la&nbsp;beam, par&nbsp;F4FKR&nbsp;et&nbsp;F4GER&nbsp;et profiter de la magnifique vue que nous avons sur les hauteurs de la cit\u00e9 d&rsquo;Aleth.<\/p>\n\n\n\nngg_shortcode_6_placeholder\n\n\n\n<pre class=\"wp-block-verse\">28\/10\/2022<\/pre>\n\n\n\n<p> <p>Le fait marquant de cette quatri\u00e8me journ\u00e9e\u00a0a\u00a0\u00e9t\u00e9 la visite de monsieur Philippe\u00a0Brugnot, sous-pr\u00e9fet de Saint-Malo.<\/p>   <p>Monsieur Philippe\u00a0Brugnot\u00a0\u00e0\u00a0\u00e9t\u00e9 guid\u00e9 par toute l&rsquo;\u00e9quipe pr\u00e9sente sur place afin de faire le tour de nos installations, du mus\u00e9e \u00e9ph\u00e9m\u00e8re et\u00a0a\u00a0\u00e9cout\u00e9 d&rsquo;une oreille tr\u00e8s\u00a0int\u00e9ress\u00e9e\u00a0les explications des divers intervenants.<\/p>   <p>Cette nuit commence le\u00a0CQ\u00a0Worldwide\u00a0DX\u00a0Contest,\u00a0SSB.\u00a0\u00e0\u00a00000Z, L\u00e9on,\u00a0ON4ZD\u00a0commencera la vacation puisque nous participons avec le\u00a0call\u00a0TM8R\u00a0\u00e0 ce\u00a0contest.\u00a0Fin le 30 octobre \u00e0\u00a02359Z.<\/p> <\/p>\n\n\n\nngg_shortcode_7_placeholder\n\n\n\n<pre class=\"wp-block-verse\">27\/10\/2022<\/pre>\n\n\n\n<p>Troisi\u00e8me jour de pr\u00e9sence sur le site de&nbsp;TM8R&nbsp;!<br>Toujours du montage et de la mise en place des derniers \u00e9l\u00e9ments de l&rsquo;infrastructure&nbsp;TM8R.<\/p>\n\n\n\n<p>Le trafic a commenc\u00e9 et va monter en puissance ce week-end.<\/p>\n\n\n\n<p>Activit\u00e9s jeunes aujourd&rsquo;hui, avec une belle pr\u00e9sentation du camion du&nbsp;RCN-EG, montage de kit \u00e9lectronique et la traditionnelle recherche de balises qui pla\u00eet toujours autant aux enfants.<\/p>\n\n\n\n<p>C&rsquo;est un point d&rsquo;ordre, un devoir et surtout un plaisir d&rsquo;essayer de transmettre \u00e0 nos jeunes les valeurs du&nbsp;radio-amateurisme, que s&rsquo;efforce&nbsp;de donner&nbsp;l&rsquo;ARACE&nbsp;tout au long de l&rsquo;ann\u00e9e.<\/p>\n\n\n\nngg_shortcode_8_placeholder\n\n\n\n<pre class=\"wp-block-verse\">26\/10\/2022<\/pre>\n\n\n\n<p>Aujourd&rsquo;hui, mise en place des infrastructures, dont les chapiteaux.<br>Jean-Fran\u00e7ois est \u00e9galement arriv\u00e9 du sud de la France avec son camion du&nbsp;RCN-EG.<br>Les stations et les op\u00e9rateurs se mettent \u00e9galement en place.<br><br>Vous pouvez voir aussi que l&rsquo;esplanade de la cit\u00e9 d&rsquo;Aleth&nbsp;commence \u00e0 se remplir des remorques et&nbsp;des bateaux&nbsp;d&rsquo;assistances.<\/p>\n\n\n\nngg_shortcode_9_placeholder\n\n\n\n<pre class=\"wp-block-verse\">25\/10\/2022<\/pre>\n\n\n\n<p>Premier jour de montage des \u00e9quipements et forc\u00e9ment du plus important, \u00e0 savoir les antennes !<br>Quelques photos pour illustrer cette premi\u00e8re journ\u00e9e.<\/p>\n\n\n\nngg_shortcode_10_placeholder\n\n\n\n<pre class=\"wp-block-verse\">18\/10\/2022<\/pre>\n\n\n\n<p>Journ\u00e9e pr\u00e9paratoire TM8R &#8211; les photos Samedi dernier, c&rsquo;\u00e9tait la journ\u00e9e pr\u00e9paratoire \u00e0 TM8R. Quelques photos de ce bon moment d&rsquo;information et de convivialit\u00e9. <\/p>\n\n\n\nngg_shortcode_11_placeholder\n\n\n\n<pre class=\"wp-block-verse\">15\/10\/2022\n<\/pre>\n\n\n<div class=\"wp-block-image\">\n<figure class=\"alignleft size-large is-resized\"><img loading=\"lazy\" decoding=\"async\" src=\"https:\/\/www.arace.fr\/wp-content\/uploads\/2022\/09\/15_oct-1024x1024.jpg\" alt=\"\" class=\"wp-image-5363\" width=\"114\" height=\"114\" srcset=\"https:\/\/www.arace.fr\/wp-content\/uploads\/2022\/09\/15_oct-1024x1024.jpg 1024w, https:\/\/www.arace.fr\/wp-content\/uploads\/2022\/09\/15_oct-300x300.jpg 300w, https:\/\/www.arace.fr\/wp-content\/uploads\/2022\/09\/15_oct-150x150.jpg 150w, https:\/\/www.arace.fr\/wp-content\/uploads\/2022\/09\/15_oct-768x768.jpg 768w, https:\/\/www.arace.fr\/wp-content\/uploads\/2022\/09\/15_oct-1536x1536.jpg 1536w, https:\/\/www.arace.fr\/wp-content\/uploads\/2022\/09\/15_oct-1800x1800.jpg 1800w, https:\/\/www.arace.fr\/wp-content\/uploads\/2022\/09\/15_oct-1200x1200.jpg 1200w, https:\/\/www.arace.fr\/wp-content\/uploads\/2022\/09\/15_oct-640x640.jpg 640w, https:\/\/www.arace.fr\/wp-content\/uploads\/2022\/09\/15_oct-1320x1320.jpg 1320w, https:\/\/www.arace.fr\/wp-content\/uploads\/2022\/09\/15_oct.jpg 1920w\" sizes=\"auto, (max-width: 114px) 100vw, 114px\" \/><\/figure>\n<\/div>\n\n\n<p>Samedi 15 octobre \u00e0 partir de 9h00 au Radio-Club de l&rsquo;ARACE, journ\u00e9e pr\u00e9paratoire d&rsquo;une part pour v\u00e9rifier le mat\u00e9riel pr\u00e9vu sur site et d&rsquo;autre part pour faire un briefing sur le fonctionnement des \u00e9quipements et logiciels qui seront utilis\u00e9s.<\/p>\n\n\n\n<div style=\"height:17px\" aria-hidden=\"true\" class=\"wp-block-spacer\"><\/div>\n\n\n\n<pre class=\"wp-block-verse\">09\/10\/2022\n<\/pre>\n\n\n\n<p>RadioAmateurs France, revue d\u2019octobre 2022, a consacr\u00e9 une page \u00e0 notre activit\u00e9 TM8R Lien pour lire la revue: <a href=\"https:\/\/www.radioamateurs-france.fr\/wp-content\/uploads\/n10-oct-2022.pdf\" target=\"_blank\" rel=\"noreferrer noopener\">https:\/\/www.radioamateurs-france.fr\/wp-content\/uploads\/n10-oct-2022.pdf<\/a> <\/p>\n\n\n\n<figure class=\"wp-block-image size-full is-resized\"><a href=\"https:\/\/www.arace.fr\/wp-content\/uploads\/2022\/10\/RAF-revue-doctobre-2022.jpg\" target=\"_blank\" rel=\"noreferrer noopener\"><img loading=\"lazy\" decoding=\"async\" src=\"https:\/\/www.arace.fr\/wp-content\/uploads\/2022\/10\/RAF-revue-doctobre-2022.jpg\" alt=\"\" class=\"wp-image-5372\" width=\"396\" height=\"565\" srcset=\"https:\/\/www.arace.fr\/wp-content\/uploads\/2022\/10\/RAF-revue-doctobre-2022.jpg 617w, https:\/\/www.arace.fr\/wp-content\/uploads\/2022\/10\/RAF-revue-doctobre-2022-210x300.jpg 210w, https:\/\/www.arace.fr\/wp-content\/uploads\/2022\/10\/RAF-revue-doctobre-2022-448x640.jpg 448w\" sizes=\"auto, (max-width: 396px) 100vw, 396px\" \/><\/a><\/figure>\n\n\n\n<pre class=\"wp-block-verse\">09\/10\/2022\n<\/pre>\n\n\n\n<p>Petite promo parue dans le dernier journal de la ville de Saint-Malo (Malo Mag).<\/p>\n\n\n\n<figure class=\"wp-block-image size-large is-resized\"><img loading=\"lazy\" decoding=\"async\" src=\"https:\/\/www.arace.fr\/wp-content\/uploads\/2022\/10\/20221008_153131-588x1024.jpg\" alt=\"\" class=\"wp-image-5369\" width=\"217\" height=\"377\" srcset=\"https:\/\/www.arace.fr\/wp-content\/uploads\/2022\/10\/20221008_153131-588x1024.jpg 588w, https:\/\/www.arace.fr\/wp-content\/uploads\/2022\/10\/20221008_153131-172x300.jpg 172w, https:\/\/www.arace.fr\/wp-content\/uploads\/2022\/10\/20221008_153131-768x1338.jpg 768w, https:\/\/www.arace.fr\/wp-content\/uploads\/2022\/10\/20221008_153131-882x1536.jpg 882w, https:\/\/www.arace.fr\/wp-content\/uploads\/2022\/10\/20221008_153131-1176x2048.jpg 1176w, https:\/\/www.arace.fr\/wp-content\/uploads\/2022\/10\/20221008_153131-1033x1800.jpg 1033w, https:\/\/www.arace.fr\/wp-content\/uploads\/2022\/10\/20221008_153131-689x1200.jpg 689w, https:\/\/www.arace.fr\/wp-content\/uploads\/2022\/10\/20221008_153131-367x640.jpg 367w, https:\/\/www.arace.fr\/wp-content\/uploads\/2022\/10\/20221008_153131-1320x2300.jpg 1320w, https:\/\/www.arace.fr\/wp-content\/uploads\/2022\/10\/20221008_153131.jpg 1458w\" sizes=\"auto, (max-width: 217px) 100vw, 217px\" \/><\/figure>\n\n\n\n<pre class=\"wp-block-verse\">30\/09\/2022<\/pre>\n\n\n<div class=\"wp-block-image\">\n<figure class=\"alignleft size-large is-resized\"><img loading=\"lazy\" decoding=\"async\" src=\"https:\/\/www.arace.fr\/wp-content\/uploads\/2022\/09\/15_oct-1024x1024.jpg\" alt=\"\" class=\"wp-image-5363\" width=\"111\" height=\"111\" srcset=\"https:\/\/www.arace.fr\/wp-content\/uploads\/2022\/09\/15_oct-1024x1024.jpg 1024w, https:\/\/www.arace.fr\/wp-content\/uploads\/2022\/09\/15_oct-300x300.jpg 300w, https:\/\/www.arace.fr\/wp-content\/uploads\/2022\/09\/15_oct-150x150.jpg 150w, https:\/\/www.arace.fr\/wp-content\/uploads\/2022\/09\/15_oct-768x768.jpg 768w, https:\/\/www.arace.fr\/wp-content\/uploads\/2022\/09\/15_oct-1536x1536.jpg 1536w, https:\/\/www.arace.fr\/wp-content\/uploads\/2022\/09\/15_oct-1800x1800.jpg 1800w, https:\/\/www.arace.fr\/wp-content\/uploads\/2022\/09\/15_oct-1200x1200.jpg 1200w, https:\/\/www.arace.fr\/wp-content\/uploads\/2022\/09\/15_oct-640x640.jpg 640w, https:\/\/www.arace.fr\/wp-content\/uploads\/2022\/09\/15_oct-1320x1320.jpg 1320w, https:\/\/www.arace.fr\/wp-content\/uploads\/2022\/09\/15_oct.jpg 1920w\" sizes=\"auto, (max-width: 111px) 100vw, 111px\" \/><\/figure>\n<\/div>\n\n\n<p>Samedi 15 octobre \u00e0 partir de 9h00 au Radio-Club de l&rsquo;ARACE, journ\u00e9e pr\u00e9paratoire d&rsquo;une part pour v\u00e9rifier le mat\u00e9riel pr\u00e9vu sur site et d&rsquo;autre part pour faire un briefing sur le fonctionnement des \u00e9quipements et logiciels qui seront utilis\u00e9s.<\/p>\n\n\n\n<div style=\"height:26px\" aria-hidden=\"true\" class=\"wp-block-spacer\"><\/div>\n\n\n\n<pre class=\"wp-block-verse\">29\/09\/2022<\/pre>\n\n\n\n<p>Nous aurons le plaisir d&rsquo;accueillir encore cette ann\u00e9e le c\u00e9l\u00e8bre camion du RCN-EG au village Radioamateurs de la Cit\u00e9 d&rsquo;Aleth. <\/p>\n\n\n\n<figure class=\"wp-block-image size-large\"><a href=\"https:\/\/www.rcn-eg.org\/\" target=\"_blank\" rel=\"noreferrer noopener\"><img loading=\"lazy\" decoding=\"async\" width=\"1024\" height=\"680\" src=\"https:\/\/www.arace.fr\/wp-content\/uploads\/2022\/09\/2018-TM4RUM_242-1024x680.jpg\" alt=\"\" class=\"wp-image-5353\" srcset=\"https:\/\/www.arace.fr\/wp-content\/uploads\/2022\/09\/2018-TM4RUM_242-1024x680.jpg 1024w, https:\/\/www.arace.fr\/wp-content\/uploads\/2022\/09\/2018-TM4RUM_242-300x199.jpg 300w, https:\/\/www.arace.fr\/wp-content\/uploads\/2022\/09\/2018-TM4RUM_242-768x510.jpg 768w, https:\/\/www.arace.fr\/wp-content\/uploads\/2022\/09\/2018-TM4RUM_242-640x425.jpg 640w, https:\/\/www.arace.fr\/wp-content\/uploads\/2022\/09\/2018-TM4RUM_242.jpg 1304w\" sizes=\"auto, (max-width: 1024px) 100vw, 1024px\" \/><\/a><\/figure>\n\n\n\n<pre class=\"wp-block-verse\">24\/09\/2022<\/pre>\n\n\n\n<figure class=\"wp-block-image size-large is-resized\"><a href=\"https:\/\/www.arace.fr\/wp-content\/uploads\/2022\/09\/AG-arace-2022_04.jpg\" target=\"_blank\" rel=\"noreferrer noopener\"><img loading=\"lazy\" decoding=\"async\" src=\"https:\/\/www.arace.fr\/wp-content\/uploads\/2022\/09\/AG-arace-2022_04-675x1024.jpg\" alt=\"\" class=\"wp-image-5351\" width=\"287\" height=\"435\" srcset=\"https:\/\/www.arace.fr\/wp-content\/uploads\/2022\/09\/AG-arace-2022_04-675x1024.jpg 675w, https:\/\/www.arace.fr\/wp-content\/uploads\/2022\/09\/AG-arace-2022_04-198x300.jpg 198w, https:\/\/www.arace.fr\/wp-content\/uploads\/2022\/09\/AG-arace-2022_04-768x1165.jpg 768w, https:\/\/www.arace.fr\/wp-content\/uploads\/2022\/09\/AG-arace-2022_04-791x1200.jpg 791w, https:\/\/www.arace.fr\/wp-content\/uploads\/2022\/09\/AG-arace-2022_04-422x640.jpg 422w, https:\/\/www.arace.fr\/wp-content\/uploads\/2022\/09\/AG-arace-2022_04.jpg 860w\" sizes=\"auto, (max-width: 287px) 100vw, 287px\" \/><\/a><figcaption>Pr\u00e9sentation lors de notre AG de la polaire qui nous tiendra bien au chaud pendant l&rsquo;activit\u00e9 TM8R<\/figcaption><\/figure>\n\n\n\n<pre class=\"wp-block-verse\">01\/09\/2022<\/pre>\n\n\n\n<p>Le log sur Club Log est cr\u00e9e, il ne restera plus qu&rsquo;a le remplir \u00e0 partir du 27 octobre.<br><a rel=\"noreferrer noopener\" href=\"http:\/\/clublog.org\/logsearch\/TM8R\" target=\"_blank\">http:\/\/clublog.org\/logsearch\/TM8R<\/a><br>QSL MANAGER F5BNJ<\/p>\n\n\n\n<iframe loading=\"lazy\" name=\"iframe\" src=\"https:\/\/clublog.org\/logsearch.php?log=TM8R&amp;iframe=1\" width=\"100%\" height=\"250\" scrolling=\"yes\" align=\"top\" frameborder=\"0\"><\/iframe>\n\n\n\n<pre class=\"wp-block-verse\">01\/09\/2022<\/pre>\n\n\n\n<p>Mise en place de la page consacr\u00e9 \u00e0 l&rsquo;activit\u00e9 TM8R<\/p>\n\n\n\n<hr class=\"wp-block-separator has-alpha-channel-opacity\"\/>\n","protected":false},"excerpt":{"rendered":"<p>TM8R Activit\u00e9 radioamateur pour le d\u00e9part de la Route du Rhum depuis Saint-Malo Du 27 octobre &#8211; 6 novembre 2022 Avec les soutiens de la mairie de Saint-Malo, de Saint-M\u00e9loir des Ondes, du d\u00e9partement d&rsquo;Ille &amp; Vilaine&nbsp;et de&#8230; <a class=\"read-more\" href=\"https:\/\/www.arace.fr\/index.php\/route-du-rhum-2022\/\">Read More<\/a><\/p>\n","protected":false},"author":1,"featured_media":5207,"parent":0,"menu_order":0,"comment_status":"closed","ping_status":"closed","template":"template-full.php","meta":{"ngg_post_thumbnail":0,"footnotes":""},"class_list":["post-5152","page","type-page","status-publish","has-post-thumbnail","hentry","no-comments"],"_links":{"self":[{"href":"https:\/\/www.arace.fr\/index.php\/wp-json\/wp\/v2\/pages\/5152","targetHints":{"allow":["GET"]}}],"collection":[{"href":"https:\/\/www.arace.fr\/index.php\/wp-json\/wp\/v2\/pages"}],"about":[{"href":"https:\/\/www.arace.fr\/index.php\/wp-json\/wp\/v2\/types\/page"}],"author":[{"embeddable":true,"href":"https:\/\/www.arace.fr\/index.php\/wp-json\/wp\/v2\/users\/1"}],"replies":[{"embeddable":true,"href":"https:\/\/www.arace.fr\/index.php\/wp-json\/wp\/v2\/comments?post=5152"}],"version-history":[{"count":109,"href":"https:\/\/www.arace.fr\/index.php\/wp-json\/wp\/v2\/pages\/5152\/revisions"}],"predecessor-version":[{"id":5734,"href":"https:\/\/www.arace.fr\/index.php\/wp-json\/wp\/v2\/pages\/5152\/revisions\/5734"}],"wp:featuredmedia":[{"embeddable":true,"href":"https:\/\/www.arace.fr\/index.php\/wp-json\/wp\/v2\/media\/5207"}],"wp:attachment":[{"href":"https:\/\/www.arace.fr\/index.php\/wp-json\/wp\/v2\/media?parent=5152"}],"curies":[{"name":"wp","href":"https:\/\/api.w.org\/{rel}","templated":true}]}}